{"id":322,"date":"2025-03-20T15:32:35","date_gmt":"2025-03-20T15:32:35","guid":{"rendered":"https:\/\/terrenosenlapatagonia.com\/?post_type=product&#038;p=322"},"modified":"2025-03-20T20:08:48","modified_gmt":"2025-03-20T20:08:48","slug":"campo-villa-santa-lucia-chaiten","status":"publish","type":"product","link":"https:\/\/terrenosenlapatagonia.com\/en\/product\/campo-villa-santa-lucia-chaiten\/","title":{"rendered":"Camp Villa Santa Luc\u00eda, Chait\u00e9n"},"content":{"rendered":"<h2>The Terrain and Its Attractions<\/h2>\n<p>This 166 hectare farm in the Villa Santa Luc\u00eda sector, <a title=\"Chait\u00e9n\" href=\"https:\/\/carretera-austral.cl\/visita-chaiten\/\" target=\"_blank\" rel=\"noopener\">Chait\u00e9n<\/a>The property is located in a privileged location with direct access to the Carretera Austral, which crosses the property. Its topography combines extensive plains and gentle hills, surrounded by a native forest with species such as alerce, ma\u00f1\u00edo, lenga and array\u00e1n. It also has natural springs and the Fr\u00edo River, ideal for salmon fishing.<\/p>\n<p>The land has electricity and internet, with the possibility of water supply through a well. Its versatility allows for multiple uses, from a tourist or residential project to agricultural or livestock activities. The mountain ranges within the property can be used as summer pastures for cattle, and nearby are natural hot springs, adding value to the experience of those seeking a unique natural environment.<\/p>\n<p>The asking price is $2.000.000.000.000 CLP or 2.200.000 USD, with the possibility of receiving offers. The property is registered and available for immediate purchase. For more information, please contact us.<\/p>\n<h3>Payment Options<\/h3>\n<table class=\"payment-options\">\n<tbody>\n<tr>\n<td><i class=\"fas fa-money-bill-wave\"><\/i> Payment in cash<\/td>\n<td><i class=\"fas fa-credit-card\"><\/i> Payment in installments<\/td>\n<td><i class=\"fas fa-exchange-alt\"><\/i> Barter or Exchange<\/td>\n<\/tr>\n<\/tbody>\n<\/table>","protected":false},"excerpt":{"rendered":"<p>Land of 166 hectares in Villa Santa Luc\u00eda, Chait\u00e9n. Access by Carretera Austral, river, springs, native forest and electric feasibility. Investment opportunity.<\/p>","protected":false},"featured_media":318,"comment_status":"open","ping_status":"closed","template":"","meta":{"_acf_changed":false,"_et_pb_use_builder":"","_et_pb_old_content":"","_et_gb_content_width":""},"product_brand":[],"product_cat":[113],"product_tag":[125,126,127],"class_list":{"0":"post-322","1":"product","2":"type-product","3":"status-publish","4":"has-post-thumbnail","6":"product_cat-chaiten","7":"product_tag-166-hectareas","8":"product_tag-campo","9":"product_tag-villa-santa-lucia","11":"first","12":"instock","13":"shipping-taxable","14":"product-type-external"},"acf":[],"aioseo_notices":[],"_links":{"self":[{"href":"https:\/\/terrenosenlapatagonia.com\/en\/wp-json\/wp\/v2\/product\/322","targetHints":{"allow":["GET"]}}],"collection":[{"href":"https:\/\/terrenosenlapatagonia.com\/en\/wp-json\/wp\/v2\/product"}],"about":[{"href":"https:\/\/terrenosenlapatagonia.com\/en\/wp-json\/wp\/v2\/types\/product"}],"replies":[{"embeddable":true,"href":"https:\/\/terrenosenlapatagonia.com\/en\/wp-json\/wp\/v2\/comments?post=322"}],"wp:featuredmedia":[{"embeddable":true,"href":"https:\/\/terrenosenlapatagonia.com\/en\/wp-json\/wp\/v2\/media\/318"}],"wp:attachment":[{"href":"https:\/\/terrenosenlapatagonia.com\/en\/wp-json\/wp\/v2\/media?parent=322"}],"wp:term":[{"taxonomy":"product_brand","embeddable":true,"href":"https:\/\/terrenosenlapatagonia.com\/en\/wp-json\/wp\/v2\/product_brand?post=322"},{"taxonomy":"product_cat","embeddable":true,"href":"https:\/\/terrenosenlapatagonia.com\/en\/wp-json\/wp\/v2\/product_cat?post=322"},{"taxonomy":"product_tag","embeddable":true,"href":"https:\/\/terrenosenlapatagonia.com\/en\/wp-json\/wp\/v2\/product_tag?post=322"}],"curies":[{"name":"wp","href":"https:\/\/api.w.org\/{rel}","templated":true}]}}